{"id":220,"date":"2023-09-14T09:26:49","date_gmt":"2023-09-14T09:26:49","guid":{"rendered":"https:\/\/3automocio.com\/taller\/"},"modified":"2023-11-13T16:14:24","modified_gmt":"2023-11-13T16:14:24","slug":"taller","status":"publish","type":"page","link":"https:\/\/3automocio.com\/es\/taller\/","title":{"rendered":"Taller"},"content":{"rendered":"\n<div class=\"slider-wrapper relative\" id=\"slider-1693681174\" >\n    <div class=\"slider slider-nav-circle slider-nav-large slider-nav-light slider-style-normal\"\n        data-flickity-options='{\n            \"cellAlign\": \"center\",\n            \"imagesLoaded\": true,\n            \"lazyLoad\": 1,\n            \"freeScroll\": false,\n            \"wrapAround\": true,\n            \"autoPlay\": 6000,\n            \"pauseAutoPlayOnHover\" : true,\n            \"prevNextButtons\": true,\n            \"contain\" : true,\n            \"adaptiveHeight\" : true,\n            \"dragThreshold\" : 10,\n            \"percentPosition\": true,\n            \"pageDots\": true,\n            \"rightToLeft\": false,\n            \"draggable\": true,\n            \"selectedAttraction\": 0.1,\n            \"parallax\" : 0,\n            \"friction\": 0.6        }'\n        >\n        \n\n\n  <div class=\"banner has-hover\" id=\"banner-740689405\">\n          <div class=\"banner-inner fill\">\n        <div class=\"banner-bg fill\" >\n            <div class=\"bg fill bg-fill \"><\/div>\n                        <div class=\"overlay\"><\/div>            \n                    <\/div>\n\t\t\n        <div class=\"banner-layers container\">\n            <div class=\"fill banner-link\"><\/div>            \n\n   <div id=\"text-box-1783705856\" class=\"text-box banner-layer x50 md-x50 lg-x50 y50 md-y50 lg-y50 res-text\">\n                                <div class=\"text-box-content text dark\">\n              \n              <div class=\"text-inner text-center\">\n                  \n\n<h1 class=\"uppercase\"><strong>TALLER DE COCHES EN ALELLA<\/strong><\/h1>\n<p>3Automoci\u00f3, tu talles de confianza, pide cita previa<\/p>\n\n\n              <\/div>\n           <\/div>\n                            \n<style>\n#text-box-1783705856 {\n  width: 79%;\n}\n#text-box-1783705856 .text-box-content {\n  font-size: 100%;\n}\n<\/style>\n    <\/div>\n \n\n        <\/div>\n      <\/div>\n\n            \n<style>\n#banner-740689405 {\n  padding-top: 237px;\n}\n#banner-740689405 .bg.bg-loaded {\n  background-image: url(https:\/\/3automocio.com\/wp-content\/uploads\/2023\/09\/3automocio-servei-refrigeracio-taller-cotxes-alella-1024x683.jpg);\n}\n#banner-740689405 .overlay {\n  background-color: rgba(0,0,0,.5);\n}\n#banner-740689405 .bg {\n  background-position: 0% 35%;\n}\n@media (min-width:550px) {\n  #banner-740689405 {\n    padding-top: 260px;\n  }\n}\n<\/style>\n  <\/div>\n\n\n\n     <\/div>\n\n     <div class=\"loading-spin dark large centered\"><\/div>\n\n\t<\/div>\n\n\n\t<section class=\"section\" id=\"section_467237882\">\n\t\t<div class=\"bg section-bg fill bg-fill  bg-loaded\" >\n\n\t\t\t\n\t\t\t<div class=\"section-bg-overlay absolute fill\"><\/div>\n\t\t\t\n\n\t\t<\/div>\n\n\t\t\n\n\t\t<div class=\"section-content relative\">\n\t\t\t\n\n<div class=\"row row-large align-middle\"  id=\"row-1935559275\">\n\n\n\t<div id=\"col-1697460909\" class=\"col medium-6 small-12 large-6\"  >\n\t\t\t\t<div class=\"col-inner text-left\"  >\n\t\t\t\n\t\t\t\n\n<h2>Deja tu veh\u00edculo en buenas manos<\/h2>\n<div><a href=\"https:\/\/3automocio.com\/es\/\"><strong>3Automoci\u00f3<\/strong><\/a> es un taller situado en alella desde 2007.<\/div>\n<div>Disponemos de un equipo de mec\u00e1nicos profesionales con m\u00e1s de 30 a\u00f1os de experiencia en el sector del autom\u00f3vil.<\/div>\n<div> <\/div>\n<div>En nuestro taller os ofrecemos un servicio de mec\u00e1nica r\u00e1pida i de calidad, completamente adaptado a vuestras necesidades para conseguir vuestra m\u00e1xima satisfacci\u00f3n.<\/div>\n\n\t<div id=\"gap-251735078\" class=\"gap-element clearfix\" style=\"display:block; height:auto;\">\n\t\t\n<style>\n#gap-251735078 {\n  padding-top: 30px;\n}\n<\/style>\n\t<\/div>\n\t\n\n<a class=\"button primary\"  >\n    <span>PIDE CITA TALLER<\/span>\n  <\/a>\n\n\n\n\t\t<\/div>\n\t\t\t\t\t<\/div>\n\n\t\n\n\t<div id=\"col-509037822\" class=\"col medium-6 small-12 large-6\"  >\n\t\t\t\t<div class=\"col-inner\"  >\n\t\t\t\n\t\t\t\n\n\t<div class=\"img has-hover x md-x lg-x y md-y lg-y\" id=\"image_1452165873\">\n\t\t\t\t\t\t\t\t<div class=\"img-inner dark\" >\n\t\t\t<img loading=\"lazy\" decoding=\"async\" width=\"768\" height=\"640\" src=\"https:\/\/3automocio.com\/wp-content\/uploads\/2023\/09\/3automocio-taller-coches-alella-multimarca.png\" class=\"attachment-large size-large\" alt=\"3Automocio taller de cotxes a alella\" srcset=\"https:\/\/3automocio.com\/wp-content\/uploads\/2023\/09\/3automocio-taller-coches-alella-multimarca.png 768w, https:\/\/3automocio.com\/wp-content\/uploads\/2023\/09\/3automocio-taller-coches-alella-multimarca-300x250.png 300w\" sizes=\"auto, (max-width: 768px) 100vw, 768px\" \/>\t\t\t\t\t\t\n\t\t\t\t\t<\/div>\n\t\t\t\t\t\t\t\t\n<style>\n#image_1452165873 {\n  width: 100%;\n}\n<\/style>\n\t<\/div>\n\t\n\n\n\t\t<\/div>\n\t\t\t\t\t<\/div>\n\n\t\n\n<\/div>\n\n\t\t<\/div>\n\n\t\t\n<style>\n#section_467237882 {\n  padding-top: 60px;\n  padding-bottom: 60px;\n}\n#section_467237882 .section-bg-overlay {\n  background-color: rgba(255, 255, 255, 0.85);\n}\n<\/style>\n\t<\/section>\n\t\n\n","protected":false},"excerpt":{"rendered":"","protected":false},"author":1,"featured_media":179,"parent":0,"menu_order":0,"comment_status":"closed","ping_status":"closed","template":"page-blank.php","meta":{"_joinchat":[],"footnotes":""},"class_list":["post-220","page","type-page","status-publish","has-post-thumbnail","hentry"],"yoast_head":"<!-- This site is optimized with the Yoast SEO plugin v27.1.1 - https:\/\/yoast.com\/product\/yoast-seo-wordpress\/ -->\n<title>Taller de coches - 3Automoci\u00f3 Tu taller de confianza en Alella<\/title>\n<meta name=\"description\" content=\"Taller de coches 3Automoci\u00f3, descubre los servicios del taller multimarca en Alella. Mantenimiento, reparaci\u00f3n y puesta a punto de tu coche.\" \/>\n<meta name=\"robots\" content=\"index, follow, max-snippet:-1, max-image-preview:large, max-video-preview:-1\" \/>\n<link rel=\"canonical\" href=\"https:\/\/3automocio.com\/es\/taller\/\" \/>\n<meta property=\"og:locale\" content=\"es_ES\" \/>\n<meta property=\"og:type\" content=\"article\" \/>\n<meta property=\"og:title\" content=\"Taller de coches - 3Automoci\u00f3 Tu taller de confianza en Alella\" \/>\n<meta property=\"og:description\" content=\"Taller de coches 3Automoci\u00f3, descubre los servicios del taller multimarca en Alella. Mantenimiento, reparaci\u00f3n y puesta a punto de tu coche.\" \/>\n<meta property=\"og:url\" content=\"https:\/\/3automocio.com\/es\/taller\/\" \/>\n<meta property=\"og:site_name\" content=\"3Automocio\" \/>\n<meta property=\"article:publisher\" content=\"https:\/\/www.facebook.com\/3automocio\/\" \/>\n<meta property=\"article:modified_time\" content=\"2023-11-13T16:14:24+00:00\" \/>\n<meta property=\"og:image\" content=\"https:\/\/3automocio.com\/wp-content\/uploads\/2023\/09\/servicios-taller-logo-3automocio-taller-coches-alella-multimarca.png\" \/>\n\t<meta property=\"og:image:width\" content=\"768\" \/>\n\t<meta property=\"og:image:height\" content=\"640\" \/>\n\t<meta property=\"og:image:type\" content=\"image\/png\" \/>\n<meta name=\"twitter:card\" content=\"summary_large_image\" \/>\n<meta name=\"twitter:label1\" content=\"Tiempo de lectura\" \/>\n\t<meta name=\"twitter:data1\" content=\"1 minuto\" \/>\n<script type=\"application\/ld+json\" class=\"yoast-schema-graph\">{\"@context\":\"https:\/\/schema.org\",\"@graph\":[{\"@type\":\"WebPage\",\"@id\":\"https:\/\/3automocio.com\/es\/taller\/\",\"url\":\"https:\/\/3automocio.com\/es\/taller\/\",\"name\":\"Taller de coches - 3Automoci\u00f3 Tu taller de confianza en Alella\",\"isPartOf\":{\"@id\":\"https:\/\/3automocio.com\/es\/#website\"},\"primaryImageOfPage\":{\"@id\":\"https:\/\/3automocio.com\/es\/taller\/#primaryimage\"},\"image\":{\"@id\":\"https:\/\/3automocio.com\/es\/taller\/#primaryimage\"},\"thumbnailUrl\":\"https:\/\/3automocio.com\/wp-content\/uploads\/2023\/09\/servicios-taller-logo-3automocio-taller-coches-alella-multimarca.png\",\"datePublished\":\"2023-09-14T09:26:49+00:00\",\"dateModified\":\"2023-11-13T16:14:24+00:00\",\"description\":\"Taller de coches 3Automoci\u00f3, descubre los servicios del taller multimarca en Alella. Mantenimiento, reparaci\u00f3n y puesta a punto de tu coche.\",\"breadcrumb\":{\"@id\":\"https:\/\/3automocio.com\/es\/taller\/#breadcrumb\"},\"inLanguage\":\"es\",\"potentialAction\":[{\"@type\":\"ReadAction\",\"target\":[\"https:\/\/3automocio.com\/es\/taller\/\"]}]},{\"@type\":\"ImageObject\",\"inLanguage\":\"es\",\"@id\":\"https:\/\/3automocio.com\/es\/taller\/#primaryimage\",\"url\":\"https:\/\/3automocio.com\/wp-content\/uploads\/2023\/09\/servicios-taller-logo-3automocio-taller-coches-alella-multimarca.png\",\"contentUrl\":\"https:\/\/3automocio.com\/wp-content\/uploads\/2023\/09\/servicios-taller-logo-3automocio-taller-coches-alella-multimarca.png\",\"width\":768,\"height\":640,\"caption\":\"taller de coches en Alella 3 automocio\"},{\"@type\":\"BreadcrumbList\",\"@id\":\"https:\/\/3automocio.com\/es\/taller\/#breadcrumb\",\"itemListElement\":[{\"@type\":\"ListItem\",\"position\":1,\"name\":\"Portada\",\"item\":\"https:\/\/3automocio.com\/es\/\"},{\"@type\":\"ListItem\",\"position\":2,\"name\":\"Taller\"}]},{\"@type\":\"WebSite\",\"@id\":\"https:\/\/3automocio.com\/es\/#website\",\"url\":\"https:\/\/3automocio.com\/es\/\",\"name\":\"3Automocio\",\"description\":\"\",\"publisher\":{\"@id\":\"https:\/\/3automocio.com\/es\/#organization\"},\"potentialAction\":[{\"@type\":\"SearchAction\",\"target\":{\"@type\":\"EntryPoint\",\"urlTemplate\":\"https:\/\/3automocio.com\/es\/?s={search_term_string}\"},\"query-input\":{\"@type\":\"PropertyValueSpecification\",\"valueRequired\":true,\"valueName\":\"search_term_string\"}}],\"inLanguage\":\"es\"},{\"@type\":\"Organization\",\"@id\":\"https:\/\/3automocio.com\/es\/#organization\",\"name\":\"3Automocio\",\"url\":\"https:\/\/3automocio.com\/es\/\",\"logo\":{\"@type\":\"ImageObject\",\"inLanguage\":\"es\",\"@id\":\"https:\/\/3automocio.com\/es\/#\/schema\/logo\/image\/\",\"url\":\"https:\/\/3automocio.com\/wp-content\/uploads\/2023\/09\/logo-3automocio-taller-coches-alella-multimarca.png\",\"contentUrl\":\"https:\/\/3automocio.com\/wp-content\/uploads\/2023\/09\/logo-3automocio-taller-coches-alella-multimarca.png\",\"width\":249,\"height\":99,\"caption\":\"3Automocio\"},\"image\":{\"@id\":\"https:\/\/3automocio.com\/es\/#\/schema\/logo\/image\/\"},\"sameAs\":[\"https:\/\/www.facebook.com\/3automocio\/\"]}]}<\/script>\n<!-- \/ Yoast SEO plugin. -->","yoast_head_json":{"title":"Taller de coches - 3Automoci\u00f3 Tu taller de confianza en Alella","description":"Taller de coches 3Automoci\u00f3, descubre los servicios del taller multimarca en Alella. Mantenimiento, reparaci\u00f3n y puesta a punto de tu coche.","robots":{"index":"index","follow":"follow","max-snippet":"max-snippet:-1","max-image-preview":"max-image-preview:large","max-video-preview":"max-video-preview:-1"},"canonical":"https:\/\/3automocio.com\/es\/taller\/","og_locale":"es_ES","og_type":"article","og_title":"Taller de coches - 3Automoci\u00f3 Tu taller de confianza en Alella","og_description":"Taller de coches 3Automoci\u00f3, descubre los servicios del taller multimarca en Alella. Mantenimiento, reparaci\u00f3n y puesta a punto de tu coche.","og_url":"https:\/\/3automocio.com\/es\/taller\/","og_site_name":"3Automocio","article_publisher":"https:\/\/www.facebook.com\/3automocio\/","article_modified_time":"2023-11-13T16:14:24+00:00","og_image":[{"width":768,"height":640,"url":"https:\/\/3automocio.com\/wp-content\/uploads\/2023\/09\/servicios-taller-logo-3automocio-taller-coches-alella-multimarca.png","type":"image\/png"}],"twitter_card":"summary_large_image","twitter_misc":{"Tiempo de lectura":"1 minuto"},"schema":{"@context":"https:\/\/schema.org","@graph":[{"@type":"WebPage","@id":"https:\/\/3automocio.com\/es\/taller\/","url":"https:\/\/3automocio.com\/es\/taller\/","name":"Taller de coches - 3Automoci\u00f3 Tu taller de confianza en Alella","isPartOf":{"@id":"https:\/\/3automocio.com\/es\/#website"},"primaryImageOfPage":{"@id":"https:\/\/3automocio.com\/es\/taller\/#primaryimage"},"image":{"@id":"https:\/\/3automocio.com\/es\/taller\/#primaryimage"},"thumbnailUrl":"https:\/\/3automocio.com\/wp-content\/uploads\/2023\/09\/servicios-taller-logo-3automocio-taller-coches-alella-multimarca.png","datePublished":"2023-09-14T09:26:49+00:00","dateModified":"2023-11-13T16:14:24+00:00","description":"Taller de coches 3Automoci\u00f3, descubre los servicios del taller multimarca en Alella. Mantenimiento, reparaci\u00f3n y puesta a punto de tu coche.","breadcrumb":{"@id":"https:\/\/3automocio.com\/es\/taller\/#breadcrumb"},"inLanguage":"es","potentialAction":[{"@type":"ReadAction","target":["https:\/\/3automocio.com\/es\/taller\/"]}]},{"@type":"ImageObject","inLanguage":"es","@id":"https:\/\/3automocio.com\/es\/taller\/#primaryimage","url":"https:\/\/3automocio.com\/wp-content\/uploads\/2023\/09\/servicios-taller-logo-3automocio-taller-coches-alella-multimarca.png","contentUrl":"https:\/\/3automocio.com\/wp-content\/uploads\/2023\/09\/servicios-taller-logo-3automocio-taller-coches-alella-multimarca.png","width":768,"height":640,"caption":"taller de coches en Alella 3 automocio"},{"@type":"BreadcrumbList","@id":"https:\/\/3automocio.com\/es\/taller\/#breadcrumb","itemListElement":[{"@type":"ListItem","position":1,"name":"Portada","item":"https:\/\/3automocio.com\/es\/"},{"@type":"ListItem","position":2,"name":"Taller"}]},{"@type":"WebSite","@id":"https:\/\/3automocio.com\/es\/#website","url":"https:\/\/3automocio.com\/es\/","name":"3Automocio","description":"","publisher":{"@id":"https:\/\/3automocio.com\/es\/#organization"},"potentialAction":[{"@type":"SearchAction","target":{"@type":"EntryPoint","urlTemplate":"https:\/\/3automocio.com\/es\/?s={search_term_string}"},"query-input":{"@type":"PropertyValueSpecification","valueRequired":true,"valueName":"search_term_string"}}],"inLanguage":"es"},{"@type":"Organization","@id":"https:\/\/3automocio.com\/es\/#organization","name":"3Automocio","url":"https:\/\/3automocio.com\/es\/","logo":{"@type":"ImageObject","inLanguage":"es","@id":"https:\/\/3automocio.com\/es\/#\/schema\/logo\/image\/","url":"https:\/\/3automocio.com\/wp-content\/uploads\/2023\/09\/logo-3automocio-taller-coches-alella-multimarca.png","contentUrl":"https:\/\/3automocio.com\/wp-content\/uploads\/2023\/09\/logo-3automocio-taller-coches-alella-multimarca.png","width":249,"height":99,"caption":"3Automocio"},"image":{"@id":"https:\/\/3automocio.com\/es\/#\/schema\/logo\/image\/"},"sameAs":["https:\/\/www.facebook.com\/3automocio\/"]}]}},"_links":{"self":[{"href":"https:\/\/3automocio.com\/es\/wp-json\/wp\/v2\/pages\/220","targetHints":{"allow":["GET"]}}],"collection":[{"href":"https:\/\/3automocio.com\/es\/wp-json\/wp\/v2\/pages"}],"about":[{"href":"https:\/\/3automocio.com\/es\/wp-json\/wp\/v2\/types\/page"}],"author":[{"embeddable":true,"href":"https:\/\/3automocio.com\/es\/wp-json\/wp\/v2\/users\/1"}],"replies":[{"embeddable":true,"href":"https:\/\/3automocio.com\/es\/wp-json\/wp\/v2\/comments?post=220"}],"version-history":[{"count":5,"href":"https:\/\/3automocio.com\/es\/wp-json\/wp\/v2\/pages\/220\/revisions"}],"predecessor-version":[{"id":334,"href":"https:\/\/3automocio.com\/es\/wp-json\/wp\/v2\/pages\/220\/revisions\/334"}],"wp:featuredmedia":[{"embeddable":true,"href":"https:\/\/3automocio.com\/es\/wp-json\/wp\/v2\/media\/179"}],"wp:attachment":[{"href":"https:\/\/3automocio.com\/es\/wp-json\/wp\/v2\/media?parent=220"}],"curies":[{"name":"wp","href":"https:\/\/api.w.org\/{rel}","templated":true}]}}