{"id":236,"date":"2023-09-14T09:26:15","date_gmt":"2023-09-14T09:26:15","guid":{"rendered":"https:\/\/3automocio.com\/distribucion\/"},"modified":"2023-11-20T16:35:12","modified_gmt":"2023-11-20T16:35:12","slug":"distribucion","status":"publish","type":"page","link":"https:\/\/3automocio.com\/es\/distribucion\/","title":{"rendered":"Distribuci\u00f3n"},"content":{"rendered":"\n<div class=\"slider-wrapper relative\" id=\"slider-1469999071\" >\n    <div class=\"slider slider-nav-circle slider-nav-large slider-nav-light slider-style-normal\"\n        data-flickity-options='{\n            \"cellAlign\": \"center\",\n            \"imagesLoaded\": true,\n            \"lazyLoad\": 1,\n            \"freeScroll\": false,\n            \"wrapAround\": true,\n            \"autoPlay\": 6000,\n            \"pauseAutoPlayOnHover\" : true,\n            \"prevNextButtons\": true,\n            \"contain\" : true,\n            \"adaptiveHeight\" : true,\n            \"dragThreshold\" : 10,\n            \"percentPosition\": true,\n            \"pageDots\": true,\n            \"rightToLeft\": false,\n            \"draggable\": true,\n            \"selectedAttraction\": 0.1,\n            \"parallax\" : 0,\n            \"friction\": 0.6        }'\n        >\n        \n\n\n  <div class=\"banner has-hover\" id=\"banner-9141955\">\n          <div class=\"banner-inner fill\">\n        <div class=\"banner-bg fill\" >\n            <div class=\"bg fill bg-fill \"><\/div>\n                        <div class=\"overlay\"><\/div>            \n                    <\/div>\n\t\t\n        <div class=\"banner-layers container\">\n            <div class=\"fill banner-link\"><\/div>            \n\n   <div id=\"text-box-283161504\" class=\"text-box banner-layer x50 md-x50 lg-x50 y50 md-y50 lg-y50 res-text\">\n                                <div class=\"text-box-content text dark\">\n              \n              <div class=\"text-inner text-center\">\n                  \n\n<h1 class=\"uppercase\"><strong>Distribuci\u00f3n<\/strong><\/h1>\n<p>Servicio de mantenimiento, reparaci\u00f3n y sustituci\u00f3n de sistemas de distribuci\u00f3n de veh\u00edculos de todas las marcas<\/p>\n\n              <\/div>\n           <\/div>\n                            \n<style>\n#text-box-283161504 {\n  width: 79%;\n}\n#text-box-283161504 .text-box-content {\n  font-size: 100%;\n}\n<\/style>\n    <\/div>\n \n\n        <\/div>\n      <\/div>\n\n            \n<style>\n#banner-9141955 {\n  padding-top: 237px;\n}\n#banner-9141955 .bg.bg-loaded {\n  background-image: url(https:\/\/3automocio.com\/wp-content\/uploads\/2023\/09\/3automocio-servei-distribucio-taller-cotxes-alella-1024x683.jpg);\n}\n#banner-9141955 .overlay {\n  background-color: rgba(0,0,0,.5);\n}\n#banner-9141955 .bg {\n  background-position: 0% 35%;\n}\n@media (min-width:550px) {\n  #banner-9141955 {\n    padding-top: 260px;\n  }\n}\n<\/style>\n  <\/div>\n\n\n\n     <\/div>\n\n     <div class=\"loading-spin dark large centered\"><\/div>\n\n\t<\/div>\n\n\n\t<section class=\"section\" id=\"section_735346524\">\n\t\t<div class=\"bg section-bg fill bg-fill  bg-loaded\" >\n\n\t\t\t\n\t\t\t<div class=\"section-bg-overlay absolute fill\"><\/div>\n\t\t\t\n\n\t\t<\/div>\n\n\t\t\n\n\t\t<div class=\"section-content relative\">\n\t\t\t\n\n<div class=\"row row-large align-middle\"  id=\"row-1340577856\">\n\n\n\t<div id=\"col-467816092\" class=\"col medium-6 small-12 large-6\"  >\n\t\t\t\t<div class=\"col-inner text-left\"  >\n\t\t\t\n\t\t\t\n\n<h2>CUIDAMOS EL CORAZ\u00d3N DE TU VEH\u00cdCULO<\/h2>\n<p> En 3Automoci\u00f3 somos conscientes de la importancia de la distribuci\u00f3n eficiente en el buen funcionamiento de tu veh\u00edculo. El sistema de distribuci\u00f3n es como el coraz\u00f3n de tu coche, asegur\u00e1ndose de que todos los componentes funcionen sincronizados. Nuestro taller en Alella ofrece un completo servicio de distribuci\u00f3n, desde las revisiones programadas hasta las reparaciones y la sustituci\u00f3n de componentes. Conf\u00eda en nuestro equipo de expertos para garantizar que la distribuci\u00f3n de su veh\u00edculo est\u00e9 en \u00f3ptimas condiciones, proporcionando un rendimiento fiable y una conducci\u00f3n suave. Contacta con nosotros para todas tus necesidades de distribuci\u00f3n y experimenta la diferencia 3Automoci\u00f3.     <\/p>\n\n<a href=\"https:\/\/3automocio.com\/es\/contacto\/\" target=\"_self\" class=\"button primary\"  >\n    <span>PIDE CITA TALLER<\/span>\n  <\/a>\n\n\n\n\t\t<\/div>\n\t\t\t\t\t<\/div>\n\n\t\n\n\t<div id=\"col-1023653994\" class=\"col medium-6 small-12 large-6\"  >\n\t\t\t\t<div class=\"col-inner\"  >\n\t\t\t\n\t\t\t\n\n\t<div class=\"img has-hover x md-x lg-x y md-y lg-y\" id=\"image_1028634960\">\n\t\t\t\t\t\t\t\t<div class=\"img-inner image-cover dark\" style=\"padding-top:80%;\">\n\t\t\t<img loading=\"lazy\" decoding=\"async\" width=\"1020\" height=\"680\" src=\"https:\/\/3automocio.com\/wp-content\/uploads\/2023\/09\/3automocio-servei-distribucio-taller-cotxes-alella-1024x683.jpg\" class=\"attachment-large size-large\" alt=\"canvi de corretja de distribuci\u00f3 3automoci\u00f3 taller de cotxes a Alella\" srcset=\"https:\/\/3automocio.com\/wp-content\/uploads\/2023\/09\/3automocio-servei-distribucio-taller-cotxes-alella-1024x683.jpg 1024w, https:\/\/3automocio.com\/wp-content\/uploads\/2023\/09\/3automocio-servei-distribucio-taller-cotxes-alella-300x200.jpg 300w, https:\/\/3automocio.com\/wp-content\/uploads\/2023\/09\/3automocio-servei-distribucio-taller-cotxes-alella-768x512.jpg 768w, https:\/\/3automocio.com\/wp-content\/uploads\/2023\/09\/3automocio-servei-distribucio-taller-cotxes-alella-1536x1024.jpg 1536w, https:\/\/3automocio.com\/wp-content\/uploads\/2023\/09\/3automocio-servei-distribucio-taller-cotxes-alella.jpg 1929w\" sizes=\"auto, (max-width: 1020px) 100vw, 1020px\" \/>\t\t\t\t\t\t\n\t\t\t\t\t<\/div>\n\t\t\t\t\t\t\t\t\n<style>\n#image_1028634960 {\n  width: 100%;\n}\n<\/style>\n\t<\/div>\n\t\n\n\n\t\t<\/div>\n\t\t\t\t\t<\/div>\n\n\t\n\n<\/div>\n\n\t\t<\/div>\n\n\t\t\n<style>\n#section_735346524 {\n  padding-top: 60px;\n  padding-bottom: 60px;\n}\n#section_735346524 .section-bg-overlay {\n  background-color: rgba(255, 255, 255, 0.85);\n}\n<\/style>\n\t<\/section>\n\t\n\n","protected":false},"excerpt":{"rendered":"","protected":false},"author":1,"featured_media":0,"parent":0,"menu_order":0,"comment_status":"closed","ping_status":"closed","template":"page-blank.php","meta":{"_joinchat":[],"footnotes":""},"class_list":["post-236","page","type-page","status-publish","hentry"],"yoast_head":"<!-- This site is optimized with the Yoast SEO plugin v27.1.1 - https:\/\/yoast.com\/product\/yoast-seo-wordpress\/ -->\n<title>3Automoci\u00f3 Tu taller de coches de confianza en Alella<\/title>\n<meta name=\"robots\" content=\"index, follow, max-snippet:-1, max-image-preview:large, max-video-preview:-1\" \/>\n<link rel=\"canonical\" href=\"https:\/\/3automocio.com\/es\/distribucion\/\" \/>\n<meta property=\"og:locale\" content=\"es_ES\" \/>\n<meta property=\"og:type\" content=\"article\" \/>\n<meta property=\"og:title\" content=\"3Automoci\u00f3 Tu taller de coches de confianza en Alella\" \/>\n<meta property=\"og:url\" content=\"https:\/\/3automocio.com\/es\/distribucion\/\" \/>\n<meta property=\"og:site_name\" content=\"3Automocio\" \/>\n<meta property=\"article:publisher\" content=\"https:\/\/www.facebook.com\/3automocio\/\" \/>\n<meta property=\"article:modified_time\" content=\"2023-11-20T16:35:12+00:00\" \/>\n<meta name=\"twitter:card\" content=\"summary_large_image\" \/>\n<meta name=\"twitter:label1\" content=\"Tiempo de lectura\" \/>\n\t<meta name=\"twitter:data1\" content=\"1 minuto\" \/>\n<script type=\"application\/ld+json\" class=\"yoast-schema-graph\">{\"@context\":\"https:\/\/schema.org\",\"@graph\":[{\"@type\":\"WebPage\",\"@id\":\"https:\/\/3automocio.com\/es\/distribucion\/\",\"url\":\"https:\/\/3automocio.com\/es\/distribucion\/\",\"name\":\"3Automoci\u00f3 Tu taller de coches de confianza en Alella\",\"isPartOf\":{\"@id\":\"https:\/\/3automocio.com\/es\/#website\"},\"datePublished\":\"2023-09-14T09:26:15+00:00\",\"dateModified\":\"2023-11-20T16:35:12+00:00\",\"breadcrumb\":{\"@id\":\"https:\/\/3automocio.com\/es\/distribucion\/#breadcrumb\"},\"inLanguage\":\"es\",\"potentialAction\":[{\"@type\":\"ReadAction\",\"target\":[\"https:\/\/3automocio.com\/es\/distribucion\/\"]}]},{\"@type\":\"BreadcrumbList\",\"@id\":\"https:\/\/3automocio.com\/es\/distribucion\/#breadcrumb\",\"itemListElement\":[{\"@type\":\"ListItem\",\"position\":1,\"name\":\"Portada\",\"item\":\"https:\/\/3automocio.com\/es\/\"},{\"@type\":\"ListItem\",\"position\":2,\"name\":\"Distribuci\u00f3n\"}]},{\"@type\":\"WebSite\",\"@id\":\"https:\/\/3automocio.com\/es\/#website\",\"url\":\"https:\/\/3automocio.com\/es\/\",\"name\":\"3Automocio\",\"description\":\"\",\"publisher\":{\"@id\":\"https:\/\/3automocio.com\/es\/#organization\"},\"potentialAction\":[{\"@type\":\"SearchAction\",\"target\":{\"@type\":\"EntryPoint\",\"urlTemplate\":\"https:\/\/3automocio.com\/es\/?s={search_term_string}\"},\"query-input\":{\"@type\":\"PropertyValueSpecification\",\"valueRequired\":true,\"valueName\":\"search_term_string\"}}],\"inLanguage\":\"es\"},{\"@type\":\"Organization\",\"@id\":\"https:\/\/3automocio.com\/es\/#organization\",\"name\":\"3Automocio\",\"url\":\"https:\/\/3automocio.com\/es\/\",\"logo\":{\"@type\":\"ImageObject\",\"inLanguage\":\"es\",\"@id\":\"https:\/\/3automocio.com\/es\/#\/schema\/logo\/image\/\",\"url\":\"https:\/\/3automocio.com\/wp-content\/uploads\/2023\/09\/logo-3automocio-taller-coches-alella-multimarca.png\",\"contentUrl\":\"https:\/\/3automocio.com\/wp-content\/uploads\/2023\/09\/logo-3automocio-taller-coches-alella-multimarca.png\",\"width\":249,\"height\":99,\"caption\":\"3Automocio\"},\"image\":{\"@id\":\"https:\/\/3automocio.com\/es\/#\/schema\/logo\/image\/\"},\"sameAs\":[\"https:\/\/www.facebook.com\/3automocio\/\"]}]}<\/script>\n<!-- \/ Yoast SEO plugin. -->","yoast_head_json":{"title":"3Automoci\u00f3 Tu taller de coches de confianza en Alella","robots":{"index":"index","follow":"follow","max-snippet":"max-snippet:-1","max-image-preview":"max-image-preview:large","max-video-preview":"max-video-preview:-1"},"canonical":"https:\/\/3automocio.com\/es\/distribucion\/","og_locale":"es_ES","og_type":"article","og_title":"3Automoci\u00f3 Tu taller de coches de confianza en Alella","og_url":"https:\/\/3automocio.com\/es\/distribucion\/","og_site_name":"3Automocio","article_publisher":"https:\/\/www.facebook.com\/3automocio\/","article_modified_time":"2023-11-20T16:35:12+00:00","twitter_card":"summary_large_image","twitter_misc":{"Tiempo de lectura":"1 minuto"},"schema":{"@context":"https:\/\/schema.org","@graph":[{"@type":"WebPage","@id":"https:\/\/3automocio.com\/es\/distribucion\/","url":"https:\/\/3automocio.com\/es\/distribucion\/","name":"3Automoci\u00f3 Tu taller de coches de confianza en Alella","isPartOf":{"@id":"https:\/\/3automocio.com\/es\/#website"},"datePublished":"2023-09-14T09:26:15+00:00","dateModified":"2023-11-20T16:35:12+00:00","breadcrumb":{"@id":"https:\/\/3automocio.com\/es\/distribucion\/#breadcrumb"},"inLanguage":"es","potentialAction":[{"@type":"ReadAction","target":["https:\/\/3automocio.com\/es\/distribucion\/"]}]},{"@type":"BreadcrumbList","@id":"https:\/\/3automocio.com\/es\/distribucion\/#breadcrumb","itemListElement":[{"@type":"ListItem","position":1,"name":"Portada","item":"https:\/\/3automocio.com\/es\/"},{"@type":"ListItem","position":2,"name":"Distribuci\u00f3n"}]},{"@type":"WebSite","@id":"https:\/\/3automocio.com\/es\/#website","url":"https:\/\/3automocio.com\/es\/","name":"3Automocio","description":"","publisher":{"@id":"https:\/\/3automocio.com\/es\/#organization"},"potentialAction":[{"@type":"SearchAction","target":{"@type":"EntryPoint","urlTemplate":"https:\/\/3automocio.com\/es\/?s={search_term_string}"},"query-input":{"@type":"PropertyValueSpecification","valueRequired":true,"valueName":"search_term_string"}}],"inLanguage":"es"},{"@type":"Organization","@id":"https:\/\/3automocio.com\/es\/#organization","name":"3Automocio","url":"https:\/\/3automocio.com\/es\/","logo":{"@type":"ImageObject","inLanguage":"es","@id":"https:\/\/3automocio.com\/es\/#\/schema\/logo\/image\/","url":"https:\/\/3automocio.com\/wp-content\/uploads\/2023\/09\/logo-3automocio-taller-coches-alella-multimarca.png","contentUrl":"https:\/\/3automocio.com\/wp-content\/uploads\/2023\/09\/logo-3automocio-taller-coches-alella-multimarca.png","width":249,"height":99,"caption":"3Automocio"},"image":{"@id":"https:\/\/3automocio.com\/es\/#\/schema\/logo\/image\/"},"sameAs":["https:\/\/www.facebook.com\/3automocio\/"]}]}},"_links":{"self":[{"href":"https:\/\/3automocio.com\/es\/wp-json\/wp\/v2\/pages\/236","targetHints":{"allow":["GET"]}}],"collection":[{"href":"https:\/\/3automocio.com\/es\/wp-json\/wp\/v2\/pages"}],"about":[{"href":"https:\/\/3automocio.com\/es\/wp-json\/wp\/v2\/types\/page"}],"author":[{"embeddable":true,"href":"https:\/\/3automocio.com\/es\/wp-json\/wp\/v2\/users\/1"}],"replies":[{"embeddable":true,"href":"https:\/\/3automocio.com\/es\/wp-json\/wp\/v2\/comments?post=236"}],"version-history":[{"count":3,"href":"https:\/\/3automocio.com\/es\/wp-json\/wp\/v2\/pages\/236\/revisions"}],"predecessor-version":[{"id":353,"href":"https:\/\/3automocio.com\/es\/wp-json\/wp\/v2\/pages\/236\/revisions\/353"}],"wp:attachment":[{"href":"https:\/\/3automocio.com\/es\/wp-json\/wp\/v2\/media?parent=236"}],"curies":[{"name":"wp","href":"https:\/\/api.w.org\/{rel}","templated":true}]}}